{"id":37,"date":"2019-05-28T16:10:30","date_gmt":"2019-05-28T16:10:30","guid":{"rendered":"https:\/\/photowalks.pt\/?page_id=37"},"modified":"2025-11-24T19:27:41","modified_gmt":"2025-11-24T19:27:41","slug":"contact","status":"publish","type":"page","link":"https:\/\/photowalks.pt\/es\/contactar\/","title":{"rendered":"Contacto"},"content":{"rendered":"<div class=\"wpb-content-wrapper\"><div data-parent=\"true\" class=\"vc_row row-container\" id=\"row-unique-0\"><div class=\"row limit-width row-parent\"><div class=\"wpb_row row-inner\"><div class=\"wpb_column pos-top pos-center align_left column_parent col-lg-12 single-internal-gutter\"><div class=\"uncol style-light\"  ><div class=\"uncoltable\"><div class=\"uncell no-block-padding\" ><div class=\"uncont\" ><div class=\"uncode_text_column\" ><\/p>\n<h1 style=\"text-align: center;\">Get in touch with us<\/h1>\n<p>\n<\/div><\/div><\/div><\/div><\/div><\/div><script id=\"script-row-unique-0\" data-row=\"script-row-unique-0\" type=\"text\/javascript\" class=\"vc_controls\">UNCODE.initRow(document.getElementById(\"row-unique-0\"));<\/script><\/div><\/div><\/div><div data-parent=\"true\" class=\"vc_row row-container\" id=\"row-unique-1\"><div class=\"row limit-width row-parent\"><div class=\"wpb_row row-inner\"><div class=\"wpb_column pos-top pos-center align_left column_parent col-lg-12 single-internal-gutter\"><div class=\"uncol style-light\"  ><div class=\"uncoltable\"><div class=\"uncell no-block-padding\" ><div class=\"uncont\" >\n<div class=\"wpcf7 no-js\" id=\"wpcf7-f166346-o1\" lang=\"en-US\" dir=\"ltr\" data-wpcf7-id=\"166346\">\n<div class=\"screen-reader-response\"><p role=\"status\" aria-live=\"polite\" aria-atomic=\"true\"><\/p> <ul><\/ul><\/div>\n<form action=\"\/es\/wp-json\/wp\/v2\/pages\/37#wpcf7-f166346-o1\" method=\"post\" class=\"wpcf7-form init\" aria-label=\"Formulario de contacto\" novalidate=\"novalidate\" data-status=\"init\" data-trp-original-action=\"\/es\/wp-json\/wp\/v2\/pages\/37#wpcf7-f166346-o1\">\n<fieldset class=\"hidden-fields-container\"><input type=\"hidden\" name=\"_wpcf7\" value=\"166346\" \/><input type=\"hidden\" name=\"_wpcf7_version\" value=\"6.1.4\" \/><input type=\"hidden\" name=\"_wpcf7_locale\" value=\"en_US\" \/><input type=\"hidden\" name=\"_wpcf7_unit_tag\" value=\"wpcf7-f166346-o1\" \/><input type=\"hidden\" name=\"_wpcf7_container_post\" value=\"0\" \/><input type=\"hidden\" name=\"_wpcf7_posted_data_hash\" value=\"\" \/><input type=\"hidden\" name=\"_wpcf7_recaptcha_response\" value=\"\" \/>\n<\/fieldset>\n<p><label> Your name<br \/>\n<span class=\"wpcf7-form-control-wrap\" data-name=\"your-name\"><input size=\"40\" maxlength=\"400\" class=\"wpcf7-form-control wpcf7-text wpcf7-validates-as-required\" autocomplete=\"name\" aria-required=\"true\" aria-invalid=\"false\" value=\"\" type=\"text\" name=\"your-name\" \/><\/span> <\/label>\n<\/p>\n<p><label> Your email<br \/>\n<span class=\"wpcf7-form-control-wrap\" data-name=\"your-email\"><input size=\"40\" maxlength=\"400\" class=\"wpcf7-form-control wpcf7-email wpcf7-validates-as-required wpcf7-text wpcf7-validates-as-email\" autocomplete=\"email\" aria-required=\"true\" aria-invalid=\"false\" value=\"\" type=\"email\" name=\"your-email\" \/><\/span> <\/label>\n<\/p>\n<p><label> Asunto<br \/>\n<span class=\"wpcf7-form-control-wrap\" data-name=\"your-subject\"><input size=\"40\" maxlength=\"400\" class=\"wpcf7-form-control wpcf7-text wpcf7-validates-as-required\" aria-required=\"true\" aria-invalid=\"false\" value=\"\" type=\"text\" name=\"your-subject\" \/><\/span> <\/label>\n<\/p>\n<p><label> Your message (optional)<br \/>\n<span class=\"wpcf7-form-control-wrap\" data-name=\"your-message\"><textarea cols=\"40\" rows=\"10\" maxlength=\"2000\" class=\"wpcf7-form-control wpcf7-textarea\" aria-invalid=\"false\" name=\"your-message\"><\/textarea><\/span> <\/label>\n<\/p>\n<p><input class=\"wpcf7-form-control wpcf7-submit has-spinner\" type=\"submit\" value=\"Enviar\" \/>\n<\/p><div class=\"wpcf7-response-output\" aria-hidden=\"true\"><\/div>\n<input type=\"hidden\" name=\"trp-form-language\" value=\"es\"\/><\/form>\n<\/div>\n<\/div><\/div><\/div><\/div><\/div><script id=\"script-row-unique-1\" data-row=\"script-row-unique-1\" type=\"text\/javascript\" class=\"vc_controls\">UNCODE.initRow(document.getElementById(\"row-unique-1\"));<\/script><\/div><\/div><\/div>\n<\/div>","protected":false},"excerpt":{"rendered":"Get in touch with us Your name Your email Subject Your message (optional)","protected":false},"author":1,"featured_media":0,"parent":0,"menu_order":0,"comment_status":"closed","ping_status":"closed","template":"","meta":{"footnotes":""},"class_list":["post-37","page","type-page","status-publish","hentry"],"yoast_head":"<!-- This site is optimized with the Yoast SEO plugin v27.4 - https:\/\/yoast.com\/product\/yoast-seo-wordpress\/ -->\n<title>Contact - Photowalks.pt - Lisbon Photography Tours<\/title>\n<meta name=\"description\" content=\"Contact form, address, email and phone number\" \/>\n<meta name=\"robots\" content=\"index, follow, max-snippet:-1, max-image-preview:large, max-video-preview:-1\" \/>\n<link rel=\"canonical\" href=\"https:\/\/photowalks.pt\/es\/contact\/\" \/>\n<meta property=\"og:locale\" content=\"es_ES\" \/>\n<meta property=\"og:type\" content=\"article\" \/>\n<meta property=\"og:title\" content=\"Contact - Photowalks.pt - Lisbon Photography Tours\" \/>\n<meta property=\"og:description\" content=\"Contact form, address, email and phone number\" \/>\n<meta property=\"og:url\" content=\"https:\/\/photowalks.pt\/es\/contact\/\" \/>\n<meta property=\"og:site_name\" content=\"Photowalks.pt - Lisbon Photography Tours\" \/>\n<meta property=\"article:publisher\" content=\"https:\/\/www.facebook.com\/PhotoWalksLisboa\/\" \/>\n<meta property=\"article:modified_time\" content=\"2025-11-24T19:27:41+00:00\" \/>\n<meta property=\"og:image\" content=\"https:\/\/photowalks.pt\/wp-content\/uploads\/2020\/06\/PW_logo_V1_mini-c-margem-e1597678171907.png\" \/>\n\t<meta property=\"og:image:width\" content=\"512\" \/>\n\t<meta property=\"og:image:height\" content=\"512\" \/>\n\t<meta property=\"og:image:type\" content=\"image\/png\" \/>\n<meta name=\"twitter:card\" content=\"summary_large_image\" \/>\n<meta name=\"twitter:site\" content=\"@PhotowalksPt\" \/>\n<meta name=\"twitter:label1\" content=\"Tiempo de lectura\" \/>\n\t<meta name=\"twitter:data1\" content=\"2 minutos\" \/>\n<script type=\"application\/ld+json\" class=\"yoast-schema-graph\">{\"@context\":\"https:\\\/\\\/schema.org\",\"@graph\":[{\"@type\":\"WebPage\",\"@id\":\"https:\\\/\\\/photowalks.pt\\\/contact\\\/\",\"url\":\"https:\\\/\\\/photowalks.pt\\\/contact\\\/\",\"name\":\"Contact - Photowalks.pt - Lisbon Photography Tours\",\"isPartOf\":{\"@id\":\"https:\\\/\\\/photowalks.pt\\\/#website\"},\"datePublished\":\"2019-05-28T16:10:30+00:00\",\"dateModified\":\"2025-11-24T19:27:41+00:00\",\"description\":\"Contact form, address, email and phone number\",\"breadcrumb\":{\"@id\":\"https:\\\/\\\/photowalks.pt\\\/contact\\\/#breadcrumb\"},\"inLanguage\":\"es\",\"potentialAction\":[{\"@type\":\"ReadAction\",\"target\":[\"https:\\\/\\\/photowalks.pt\\\/contact\\\/\"]}]},{\"@type\":\"BreadcrumbList\",\"@id\":\"https:\\\/\\\/photowalks.pt\\\/contact\\\/#breadcrumb\",\"itemListElement\":[{\"@type\":\"ListItem\",\"position\":1,\"name\":\"Home\",\"item\":\"https:\\\/\\\/photowalks.pt\\\/\"},{\"@type\":\"ListItem\",\"position\":2,\"name\":\"Contact\"}]},{\"@type\":\"WebSite\",\"@id\":\"https:\\\/\\\/photowalks.pt\\\/#website\",\"url\":\"https:\\\/\\\/photowalks.pt\\\/\",\"name\":\"Photowalks.pt - Photography tours and workshops\",\"description\":\"The best photography tours and workshops in Lisbon area and elsewhere.\",\"publisher\":{\"@id\":\"https:\\\/\\\/photowalks.pt\\\/#organization\"},\"potentialAction\":[{\"@type\":\"SearchAction\",\"target\":{\"@type\":\"EntryPoint\",\"urlTemplate\":\"https:\\\/\\\/photowalks.pt\\\/?s={search_term_string}\"},\"query-input\":{\"@type\":\"PropertyValueSpecification\",\"valueRequired\":true,\"valueName\":\"search_term_string\"}}],\"inLanguage\":\"es\"},{\"@type\":\"Organization\",\"@id\":\"https:\\\/\\\/photowalks.pt\\\/#organization\",\"name\":\"Photowalks.pt\",\"url\":\"https:\\\/\\\/photowalks.pt\\\/\",\"logo\":{\"@type\":\"ImageObject\",\"inLanguage\":\"es\",\"@id\":\"https:\\\/\\\/photowalks.pt\\\/#\\\/schema\\\/logo\\\/image\\\/\",\"url\":\"https:\\\/\\\/photowalks.pt\\\/wp-content\\\/uploads\\\/2019\\\/05\\\/PW_logo_Hor_black_V2_wp-site.png\",\"contentUrl\":\"https:\\\/\\\/photowalks.pt\\\/wp-content\\\/uploads\\\/2019\\\/05\\\/PW_logo_Hor_black_V2_wp-site.png\",\"width\":1559,\"height\":481,\"caption\":\"Photowalks.pt\"},\"image\":{\"@id\":\"https:\\\/\\\/photowalks.pt\\\/#\\\/schema\\\/logo\\\/image\\\/\"},\"sameAs\":[\"https:\\\/\\\/www.facebook.com\\\/PhotoWalksLisboa\\\/\",\"https:\\\/\\\/x.com\\\/PhotowalksPt\",\"https:\\\/\\\/www.instagram.com\\\/photowalkslisboa\\\/\",\"https:\\\/\\\/www.linkedin.com\\\/company\\\/photowalks-pt\",\"https:\\\/\\\/www.pinterest.pt\\\/miguelangelo1930\\\/\"]}]}<\/script>\n<!-- \/ Yoast SEO plugin. -->","yoast_head_json":{"title":"Contact - Photowalks.pt - Lisbon Photography Tours","description":"Formulario de contacto, direcci\u00f3n, correo electr\u00f3nico y n\u00famero de tel\u00e9fono","robots":{"index":"index","follow":"follow","max-snippet":"max-snippet:-1","max-image-preview":"max-image-preview:large","max-video-preview":"max-video-preview:-1"},"canonical":"https:\/\/photowalks.pt\/es\/contact\/","og_locale":"es_ES","og_type":"article","og_title":"Contact - Photowalks.pt - Lisbon Photography Tours","og_description":"Contact form, address, email and phone number","og_url":"https:\/\/photowalks.pt\/es\/contact\/","og_site_name":"Photowalks.pt - Lisbon Photography Tours","article_publisher":"https:\/\/www.facebook.com\/PhotoWalksLisboa\/","article_modified_time":"2025-11-24T19:27:41+00:00","og_image":[{"width":512,"height":512,"url":"https:\/\/photowalks.pt\/wp-content\/uploads\/2020\/06\/PW_logo_V1_mini-c-margem-e1597678171907.png","type":"image\/png"}],"twitter_card":"summary_large_image","twitter_site":"@PhotowalksPt","twitter_misc":{"Tiempo de lectura":"2 minutos"},"schema":{"@context":"https:\/\/schema.org","@graph":[{"@type":"WebPage","@id":"https:\/\/photowalks.pt\/contact\/","url":"https:\/\/photowalks.pt\/contact\/","name":"Contact - Photowalks.pt - Lisbon Photography Tours","isPartOf":{"@id":"https:\/\/photowalks.pt\/#website"},"datePublished":"2019-05-28T16:10:30+00:00","dateModified":"2025-11-24T19:27:41+00:00","description":"Formulario de contacto, direcci\u00f3n, correo electr\u00f3nico y n\u00famero de tel\u00e9fono","breadcrumb":{"@id":"https:\/\/photowalks.pt\/contact\/#breadcrumb"},"inLanguage":"es","potentialAction":[{"@type":"ReadAction","target":["https:\/\/photowalks.pt\/contact\/"]}]},{"@type":"BreadcrumbList","@id":"https:\/\/photowalks.pt\/contact\/#breadcrumb","itemListElement":[{"@type":"ListItem","position":1,"name":"Home","item":"https:\/\/photowalks.pt\/"},{"@type":"ListItem","position":2,"name":"Contact"}]},{"@type":"WebSite","@id":"https:\/\/photowalks.pt\/#website","url":"https:\/\/photowalks.pt\/","name":"Photowalks.pt - Tours y Talleres de Fotograf\u00eda","description":"The best photography tours and workshops in Lisbon area and elsewhere.","publisher":{"@id":"https:\/\/photowalks.pt\/#organization"},"potentialAction":[{"@type":"SearchAction","target":{"@type":"EntryPoint","urlTemplate":"https:\/\/photowalks.pt\/?s={search_term_string}"},"query-input":{"@type":"PropertyValueSpecification","valueRequired":true,"valueName":"search_term_string"}}],"inLanguage":"es"},{"@type":"Organization","@id":"https:\/\/photowalks.pt\/#organization","name":"Photowalks.pt","url":"https:\/\/photowalks.pt\/","logo":{"@type":"ImageObject","inLanguage":"es","@id":"https:\/\/photowalks.pt\/#\/schema\/logo\/image\/","url":"https:\/\/photowalks.pt\/wp-content\/uploads\/2019\/05\/PW_logo_Hor_black_V2_wp-site.png","contentUrl":"https:\/\/photowalks.pt\/wp-content\/uploads\/2019\/05\/PW_logo_Hor_black_V2_wp-site.png","width":1559,"height":481,"caption":"Photowalks.pt"},"image":{"@id":"https:\/\/photowalks.pt\/#\/schema\/logo\/image\/"},"sameAs":["https:\/\/www.facebook.com\/PhotoWalksLisboa\/","https:\/\/x.com\/PhotowalksPt","https:\/\/www.instagram.com\/photowalkslisboa\/","https:\/\/www.linkedin.com\/company\/photowalks-pt","https:\/\/www.pinterest.pt\/miguelangelo1930\/"]}]}},"_links":{"self":[{"href":"https:\/\/photowalks.pt\/es\/wp-json\/wp\/v2\/pages\/37","targetHints":{"allow":["GET"]}}],"collection":[{"href":"https:\/\/photowalks.pt\/es\/wp-json\/wp\/v2\/pages"}],"about":[{"href":"https:\/\/photowalks.pt\/es\/wp-json\/wp\/v2\/types\/page"}],"author":[{"embeddable":true,"href":"https:\/\/photowalks.pt\/es\/wp-json\/wp\/v2\/users\/1"}],"replies":[{"embeddable":true,"href":"https:\/\/photowalks.pt\/es\/wp-json\/wp\/v2\/comments?post=37"}],"version-history":[{"count":22,"href":"https:\/\/photowalks.pt\/es\/wp-json\/wp\/v2\/pages\/37\/revisions"}],"predecessor-version":[{"id":166356,"href":"https:\/\/photowalks.pt\/es\/wp-json\/wp\/v2\/pages\/37\/revisions\/166356"}],"wp:attachment":[{"href":"https:\/\/photowalks.pt\/es\/wp-json\/wp\/v2\/media?parent=37"}],"curies":[{"name":"wp","href":"https:\/\/api.w.org\/{rel}","templated":true}]}}