{"id":6417,"date":"2021-04-15T15:39:41","date_gmt":"2021-04-15T15:39:41","guid":{"rendered":"https:\/\/photowalks.pt\/?page_id=6417"},"modified":"2022-03-14T14:47:52","modified_gmt":"2022-03-14T14:47:52","slug":"night-photography-walking-tour-in-lisbon","status":"publish","type":"page","link":"https:\/\/photowalks.pt\/es\/tours-y-workshops-de-fotografia\/descubra-lisboa-con-un-fotografo-edicion-matutina\/","title":{"rendered":"Tour de Fotograf\u00eda Nocturna a Pie en Lisboa"},"content":{"rendered":"<div style=\"height:25px\" aria-hidden=\"true\" class=\"wp-block-spacer\"><\/div>\n\n\n\n<h2 class=\"wp-block-heading\" id=\"h-night-photography-walking-tour-in-lisbon\">Tour de Fotograf\u00eda Nocturna a Pie en Lisboa<\/h2>\n\n\n\n<h3 class=\"wp-block-heading\" id=\"h-photograph-lisbon-by-night-with-the-guidance-of-a-professional-photographer\">Disparar a Lisboa por la noche con la orientaci\u00f3n de un fot\u00f3grafo profesional<\/h3>\n\n\n\n<div style=\"height:25px\" aria-hidden=\"true\" class=\"wp-block-spacer\"><\/div>\n\n\n\n<div class=\"wp-block-columns is-layout-flex wp-container-core-columns-is-layout-9d6595d7 wp-block-columns-is-layout-flex\">\n<div class=\"wp-block-column is-vertically-aligned-top is-layout-flow wp-block-column-is-layout-flow\">\n<h2 class=\"has-col-e-0-b-13-a-color has-text-color wp-block-heading\" id=\"h-from-45\"><mark style=\"background-color:rgba(0, 0, 0, 0)\" class=\"has-inline-color has-col-e-0-b-13-a-color\">FROM 45\u20ac<\/mark><\/h2>\n\n\n\n<h3 class=\"has-col-e-0-b-13-a-color has-text-color wp-block-heading\" id=\"h-private-groups-from-90\"><mark style=\"background-color:rgba(0, 0, 0, 0)\" class=\"has-inline-color has-col-e-0-b-13-a-color\">Grupos privados desde 90\u20ac<\/mark><\/h3>\n\n\n\n<div style=\"height:1px\" aria-hidden=\"true\" class=\"wp-block-spacer\"><\/div>\n\n\n\n<script type=\"text\/javascript\" src=\"https:\/\/widgets.bokun.io\/assets\/javascripts\/apps\/build\/BokunWidgetsLoader.js?bookingChannelUUID=a3456de4-a298-4af6-97d1-dff900383d18\" async=\"\"><\/script>\n      <style> #bokun_8268b04b_b129_4502_8afa_057c667f3b15 { display: inline-block; padding: 10px 20px; background: #e0b13a; border-radius: 5px; box-shadow: none; font-weight: 600; font-size: 16px; text-decoration: none; text-align: center; color: #FFFFFF; font-family: sans-serif; border:none; cursor: pointer; } #bokun_8268b04b_b129_4502_8afa_057c667f3b15:hover{ background: #b2871c; } #bokun_8268b04b_b129_4502_8afa_057c667f3b15:active{ background: #c8981f; } <\/style> <button class=\"bokunButton\" disabled=\"\" id=\"bokun_8268b04b_b129_4502_8afa_057c667f3b15\" data-src=\"https:\/\/widgets.bokun.io\/online-sales\/a3456de4-a298-4af6-97d1-dff900383d18\/experience-calendar\/446028?partialView=1\" data-testid=\"widget-book-button\"> Reserve ahora <\/button>\n\n\n\n<div style=\"height:25px\" aria-hidden=\"true\" class=\"wp-block-spacer\"><\/div>\n\n\n\n<h3 class=\"wp-block-heading\" id=\"h-description\">Descripci\u00f3n<\/h3>\n\n\n\n<p>We meet for this Night Photography Walking Tour in Lisbon in the late afternoon for the blue hour shots from a privileged spot. The goal will be to shoot images of the Lisbon skyline with lights on and some cool deep blue sky. After, we will be walking through alleys and staircases while working with calm and produce beautiful&nbsp;images while keeping a good chat about photography and the city.&nbsp;Photography tuition is offered along with the experience, helping guests achieve better results. Miguel will give practical tips and feedback on guest&#8217;s results. Also, he will be addressing themes like camera settings, composition, and others depending on guest&#8217;s personal&nbsp;preferences, goals, and needs.<\/p>\n\n\n\n<p>Esta experiencia consiste en crear bellas im\u00e1genes para llevar a casa y aprender algunos consejos y t\u00e9cnicas para ayudarte a dominar esas a veces no tan f\u00e1ciles tomas nocturnas.<\/p>\n\n\n\n<p>Si no te apetece ser una persona nocturna, no hay problema, echa un vistazo a nuestro <a href=\"https:\/\/photowalks.pt\/es\/photography-tours-and-workshops\/discover-lisbon-with-a-photographer-afternoon-edition\/\">Descubra Lisboa con un fot\u00f3grafo - Edici\u00f3n de tarde<\/a> o nuestro <a href=\"https:\/\/photowalks.pt\/es\/photography-tours-and-workshops\/discover-lisbon-with-a-photographer-morning-edition\/\">Descubra Lisboa con un fot\u00f3grafo - Edici\u00f3n matutina<\/a> y encontrar\u00e1s algo que se adapte a tu estado de \u00e1nimo.<\/p>\n\n\n\n<div class=\"wp-block-group\"><div class=\"wp-block-group__inner-container is-layout-flow wp-block-group-is-layout-flow\">\n<div class=\"wp-block-group\"><div class=\"wp-block-group__inner-container is-layout-flow wp-block-group-is-layout-flow\">\n<div style=\"height:25px\" aria-hidden=\"true\" class=\"wp-block-spacer\"><\/div>\n<\/div><\/div>\n<\/div><\/div>\n\n\n\n<div class=\"wp-block-columns are-vertically-aligned-top is-layout-flex wp-container-core-columns-is-layout-9d6595d7 wp-block-columns-is-layout-flex\">\n<div class=\"wp-block-column is-vertically-aligned-top is-layout-flow wp-block-column-is-layout-flow\">\n<h4 class=\"wp-block-heading\" id=\"h-experience-type\">Tipo de experiencia<\/h4>\n\n\n\n<p>Tour\/actividad de un d\u00eda<\/p>\n\n\n\n<h4 class=\"wp-block-heading\" id=\"h-book-in-advance\">Reserva con antelaci\u00f3n<\/h4>\n\n\n\n<p>L\u00edmite: 8 horas<\/p>\n\n\n\n<h4 class=\"wp-block-heading\" id=\"h-duration\">Duraci\u00f3n<\/h4>\n\n\n\n<p>3 horas<\/p>\n<\/div>\n\n\n\n<div class=\"wp-block-column is-vertically-aligned-top is-layout-flow wp-block-column-is-layout-flow\">\n<h4 class=\"wp-block-heading\" id=\"h-difficulty\">Dificultad<\/h4>\n\n\n\n<p>F\u00e1cil<\/p>\n\n\n\n<h4 class=\"wp-block-heading\" id=\"h-what-s-included\">Qu\u00e9 est\u00e1 incluido?<\/h4>\n\n\n\n<p><\/p>\n\n\n\n<ul class=\"wp-block-list\"><li>Small group (max. 4 photographers)<\/li><li>Guiado por el fot\u00f3grafo local <a href=\"https:\/\/www.miguelangelosilva.com\">Miguel Angelo Silva<\/a><\/li><li>Clase de fotograf\u00eda incluida<\/li><\/ul>\n\n\n\n<h4 class=\"wp-block-heading\" id=\"h-exclusions\">Exclusiones<\/h4>\n\n\n\n<ul class=\"wp-block-list\"><li>Comida y bebida<\/li><li>Entradas o tarifas de admisi\u00f3n<\/li><\/ul>\n<\/div>\n<\/div>\n\n\n\n<div class=\"wp-block-columns is-layout-flex wp-container-core-columns-is-layout-9d6595d7 wp-block-columns-is-layout-flex\">\n<div class=\"wp-block-column is-layout-flow wp-block-column-is-layout-flow\">\n<figure class=\"wp-block-gallery has-nested-images columns-4 is-cropped wp-block-gallery-2 is-layout-flex wp-block-gallery-is-layout-flex\">\n<figure class=\"wp-block-image size-medium\"><a href=\"https:\/\/photowalks.pt\/wp-content\/uploads\/2021\/05\/Lisbon_Tram_MAS28778.jpg\"><img decoding=\"async\" width=\"600\" height=\"400\" data-id=\"6423\" src=\"https:\/\/photowalks.pt\/wp-content\/uploads\/2021\/05\/Lisbon_Tram_MAS28778-600x400.jpg\" alt=\"Tour de fotograf\u00eda nocturna en Lisboa\" class=\"wp-image-6423\" srcset=\"https:\/\/photowalks.pt\/wp-content\/uploads\/2021\/05\/Lisbon_Tram_MAS28778-600x400.jpg 600w, https:\/\/photowalks.pt\/wp-content\/uploads\/2021\/05\/Lisbon_Tram_MAS28778-1030x687.jpg 1030w, https:\/\/photowalks.pt\/wp-content\/uploads\/2021\/05\/Lisbon_Tram_MAS28778-80x53.jpg 80w, https:\/\/photowalks.pt\/wp-content\/uploads\/2021\/05\/Lisbon_Tram_MAS28778-768x512.jpg 768w, https:\/\/photowalks.pt\/wp-content\/uploads\/2021\/05\/Lisbon_Tram_MAS28778-16x12.jpg 16w, https:\/\/photowalks.pt\/wp-content\/uploads\/2021\/05\/Lisbon_Tram_MAS28778-705x470.jpg 705w, https:\/\/photowalks.pt\/wp-content\/uploads\/2021\/05\/Lisbon_Tram_MAS28778-1020x680.jpg 1020w, https:\/\/photowalks.pt\/wp-content\/uploads\/2021\/05\/Lisbon_Tram_MAS28778-450x300.jpg 450w, https:\/\/photowalks.pt\/wp-content\/uploads\/2021\/05\/Lisbon_Tram_MAS28778-800x533.jpg 800w, https:\/\/photowalks.pt\/wp-content\/uploads\/2021\/05\/Lisbon_Tram_MAS28778.jpg 1200w\" sizes=\"(max-width: 600px) 100vw, 600px\" \/><\/a><\/figure>\n\n\n\n<figure class=\"wp-block-image size-medium\"><a href=\"https:\/\/photowalks.pt\/wp-content\/uploads\/2021\/05\/MAS21306-Edit.jpg\"><img decoding=\"async\" width=\"600\" height=\"401\" data-id=\"6424\" src=\"https:\/\/photowalks.pt\/wp-content\/uploads\/2021\/05\/MAS21306-Edit-600x401.jpg\" alt=\"Tour de fotograf\u00eda nocturna en Lisboa\" class=\"wp-image-6424\" srcset=\"https:\/\/photowalks.pt\/wp-content\/uploads\/2021\/05\/MAS21306-Edit-600x401.jpg 600w, https:\/\/photowalks.pt\/wp-content\/uploads\/2021\/05\/MAS21306-Edit-1030x688.jpg 1030w, https:\/\/photowalks.pt\/wp-content\/uploads\/2021\/05\/MAS21306-Edit-80x53.jpg 80w, https:\/\/photowalks.pt\/wp-content\/uploads\/2021\/05\/MAS21306-Edit-768x513.jpg 768w, https:\/\/photowalks.pt\/wp-content\/uploads\/2021\/05\/MAS21306-Edit-16x12.jpg 16w, https:\/\/photowalks.pt\/wp-content\/uploads\/2021\/05\/MAS21306-Edit-705x471.jpg 705w, https:\/\/photowalks.pt\/wp-content\/uploads\/2021\/05\/MAS21306-Edit-1019x680.jpg 1019w, https:\/\/photowalks.pt\/wp-content\/uploads\/2021\/05\/MAS21306-Edit-450x300.jpg 450w, https:\/\/photowalks.pt\/wp-content\/uploads\/2021\/05\/MAS21306-Edit-800x534.jpg 800w, https:\/\/photowalks.pt\/wp-content\/uploads\/2021\/05\/MAS21306-Edit.jpg 1200w\" sizes=\"(max-width: 600px) 100vw, 600px\" \/><\/a><\/figure>\n\n\n\n<figure class=\"wp-block-image size-medium\"><a href=\"https:\/\/photowalks.pt\/wp-content\/uploads\/2021\/05\/MAS26358-2.jpg\"><img decoding=\"async\" width=\"600\" height=\"402\" data-id=\"6425\" src=\"https:\/\/photowalks.pt\/wp-content\/uploads\/2021\/05\/MAS26358-2-600x402.jpg\" alt=\"Tour de fotograf\u00eda nocturna en Lisboa\" class=\"wp-image-6425\" srcset=\"https:\/\/photowalks.pt\/wp-content\/uploads\/2021\/05\/MAS26358-2-600x402.jpg 600w, https:\/\/photowalks.pt\/wp-content\/uploads\/2021\/05\/MAS26358-2-1030x689.jpg 1030w, https:\/\/photowalks.pt\/wp-content\/uploads\/2021\/05\/MAS26358-2-80x54.jpg 80w, https:\/\/photowalks.pt\/wp-content\/uploads\/2021\/05\/MAS26358-2-768x514.jpg 768w, https:\/\/photowalks.pt\/wp-content\/uploads\/2021\/05\/MAS26358-2-16x12.jpg 16w, https:\/\/photowalks.pt\/wp-content\/uploads\/2021\/05\/MAS26358-2-705x472.jpg 705w, https:\/\/photowalks.pt\/wp-content\/uploads\/2021\/05\/MAS26358-2-1016x680.jpg 1016w, https:\/\/photowalks.pt\/wp-content\/uploads\/2021\/05\/MAS26358-2-450x301.jpg 450w, https:\/\/photowalks.pt\/wp-content\/uploads\/2021\/05\/MAS26358-2-800x535.jpg 800w, https:\/\/photowalks.pt\/wp-content\/uploads\/2021\/05\/MAS26358-2-uai-720x482.jpg 720w, https:\/\/photowalks.pt\/wp-content\/uploads\/2021\/05\/MAS26358-2-uai-1032x691.jpg 1032w, https:\/\/photowalks.pt\/wp-content\/uploads\/2021\/05\/MAS26358-2.jpg 1200w\" sizes=\"(max-width: 600px) 100vw, 600px\" \/><\/a><\/figure>\n\n\n\n<figure class=\"wp-block-image size-medium\"><a href=\"https:\/\/photowalks.pt\/wp-content\/uploads\/2021\/05\/MAS23330-2.jpg\"><img decoding=\"async\" width=\"600\" height=\"400\" data-id=\"6426\" src=\"https:\/\/photowalks.pt\/wp-content\/uploads\/2021\/05\/MAS23330-2-600x400.jpg\" alt=\"Tour de fotograf\u00eda nocturna en Lisboa\" class=\"wp-image-6426\" srcset=\"https:\/\/photowalks.pt\/wp-content\/uploads\/2021\/05\/MAS23330-2-600x400.jpg 600w, https:\/\/photowalks.pt\/wp-content\/uploads\/2021\/05\/MAS23330-2-1030x687.jpg 1030w, https:\/\/photowalks.pt\/wp-content\/uploads\/2021\/05\/MAS23330-2-80x53.jpg 80w, https:\/\/photowalks.pt\/wp-content\/uploads\/2021\/05\/MAS23330-2-768x512.jpg 768w, https:\/\/photowalks.pt\/wp-content\/uploads\/2021\/05\/MAS23330-2-16x12.jpg 16w, https:\/\/photowalks.pt\/wp-content\/uploads\/2021\/05\/MAS23330-2-705x470.jpg 705w, https:\/\/photowalks.pt\/wp-content\/uploads\/2021\/05\/MAS23330-2-1020x680.jpg 1020w, https:\/\/photowalks.pt\/wp-content\/uploads\/2021\/05\/MAS23330-2-450x300.jpg 450w, https:\/\/photowalks.pt\/wp-content\/uploads\/2021\/05\/MAS23330-2-800x533.jpg 800w, https:\/\/photowalks.pt\/wp-content\/uploads\/2021\/05\/MAS23330-2.jpg 1200w\" sizes=\"(max-width: 600px) 100vw, 600px\" \/><\/a><\/figure>\n<\/figure>\n<\/div>\n<\/div>\n\n\n\n<h3 class=\"wp-block-heading\" id=\"h-please-note\">Por favor, tenga en cuenta<\/h3>\n\n\n\n<ul class=\"wp-block-list\"><li>Los participantes pueden usar cualquier tipo de c\u00e1mara y\/o Smart Phone.<\/li><li>We provide tuition on photography during this Night Walking Tour, but we can\u2019t teach guests how to use their own camera.&nbsp;Bring your User Manual if you are not comfortable using your camera dials and menus.<\/li><li>Esta es una actividad para caminar. Se espera que los participantes sean capaces de caminar y permanecer de pie durante la duraci\u00f3n de la actividad.<\/li><li>Se recomiendan zapatos c\u00f3modos para caminar.<\/li><\/ul>\n\n\n\n<h3 class=\"wp-block-heading\" id=\"h-what-do-i-need-to-bring\">Qu\u00e9 necesito llevar?<\/h3>\n\n\n\n<ul class=\"wp-block-list\"><li>C\u00e1mara o Smart\/Phone<\/li><li>Tr\u00edpode (\u00fatil pero no obligatorio) Si no tienes uno, d\u00ednoslo, ya que podemos prestarte uno si lo tenemos disponible<\/li><li>Ropa adaptada al clima del d\u00eda<\/li><li>Zapatos c\u00f3modos<\/li><\/ul>\n\n\n\n<h3 class=\"wp-block-heading\" id=\"h-cancellation-policy\">Pol\u00edtica de cancelaci\u00f3n<\/h3>\n\n\n\n<ul class=\"wp-block-list\"><li>Todas las reservas son 100% reembolsables para cualquier cancelaci\u00f3n hasta 24 horas antes de la salida del tour.<\/li><li>Cobraremos una tarifa de cancelaci\u00f3n del 100% si la reserva se cancela 24 horas o menos antes del evento.<\/li><\/ul>\n\n\n\n<script type=\"text\/javascript\" src=\"https:\/\/widgets.bokun.io\/assets\/javascripts\/apps\/build\/BokunWidgetsLoader.js?bookingChannelUUID=a3456de4-a298-4af6-97d1-dff900383d18\" async=\"\"><\/script>\n      <style> #bokun_8268b04b_b129_4502_8afa_057c667f3b15 { display: inline-block; padding: 10px 20px; background: #e0b13a; border-radius: 5px; box-shadow: none; font-weight: 600; font-size: 16px; text-decoration: none; text-align: center; color: #FFFFFF; font-family: sans-serif; border:none; cursor: pointer; } #bokun_8268b04b_b129_4502_8afa_057c667f3b15:hover{ background: #b2871c; } #bokun_8268b04b_b129_4502_8afa_057c667f3b15:active{ background: #c8981f; } <\/style> <button class=\"bokunButton\" disabled=\"\" id=\"bokun_8268b04b_b129_4502_8afa_057c667f3b15\" data-src=\"https:\/\/widgets.bokun.io\/online-sales\/a3456de4-a298-4af6-97d1-dff900383d18\/experience-calendar\/446028?partialView=1\" data-testid=\"widget-book-button\"> Reserve ahora <\/button>\n\n\n\n<p><\/p>\n<\/div>\n<\/div>","protected":false},"excerpt":{"rendered":"<p>Photograph Lisbon by night with the guidance of a professional photographer. Walk the old and most charming neighbourhoods with the comfort of a small group.<\/p>","protected":false},"author":1,"featured_media":6421,"parent":5049,"menu_order":0,"comment_status":"closed","ping_status":"closed","template":"","meta":{"footnotes":""},"class_list":["post-6417","page","type-page","status-publish","has-post-thumbnail","hentry"],"yoast_head":"<!-- This site is optimized with the Yoast SEO plugin v27.4 - https:\/\/yoast.com\/product\/yoast-seo-wordpress\/ -->\n<title>Night Photography Walking Tour in Lisbon - Photowalks.pt - Lisbon Photography Tours<\/title>\n<meta name=\"description\" content=\"Photograph Lisbon through the night with the guidance of a professional photographer in a small group or private photography walking tour\" \/>\n<meta name=\"robots\" content=\"index, follow, max-snippet:-1, max-image-preview:large, max-video-preview:-1\" \/>\n<link rel=\"canonical\" href=\"https:\/\/photowalks.pt\/es\/photography-tours-and-workshops\/night-photography-walking-tour-in-lisbon\/\" \/>\n<meta property=\"og:locale\" content=\"es_ES\" \/>\n<meta property=\"og:type\" content=\"article\" \/>\n<meta property=\"og:title\" content=\"Night Photography Walking Tour in Lisbon - Photowalks.pt - Lisbon Photography Tours\" \/>\n<meta property=\"og:description\" content=\"Photograph Lisbon through the night with the guidance of a professional photographer in a small group or private photography walking tour\" \/>\n<meta property=\"og:url\" content=\"https:\/\/photowalks.pt\/es\/photography-tours-and-workshops\/night-photography-walking-tour-in-lisbon\/\" \/>\n<meta property=\"og:site_name\" content=\"Photowalks.pt - Lisbon Photography Tours\" \/>\n<meta property=\"article:publisher\" content=\"https:\/\/www.facebook.com\/PhotoWalksLisboa\/\" \/>\n<meta property=\"article:modified_time\" content=\"2022-03-14T14:47:52+00:00\" \/>\n<meta property=\"og:image\" content=\"https:\/\/photowalks.pt\/wp-content\/uploads\/2021\/05\/Lisbon_Tram_MAS28778.jpg\" \/>\n\t<meta property=\"og:image:width\" content=\"1200\" \/>\n\t<meta property=\"og:image:height\" content=\"800\" \/>\n\t<meta property=\"og:image:type\" content=\"image\/jpeg\" \/>\n<meta name=\"twitter:card\" content=\"summary_large_image\" \/>\n<meta name=\"twitter:site\" content=\"@PhotowalksPt\" \/>\n<meta name=\"twitter:label1\" content=\"Tiempo de lectura\" \/>\n\t<meta name=\"twitter:data1\" content=\"3 minutos\" \/>\n<script type=\"application\/ld+json\" class=\"yoast-schema-graph\">{\"@context\":\"https:\\\/\\\/schema.org\",\"@graph\":[{\"@type\":\"WebPage\",\"@id\":\"https:\\\/\\\/photowalks.pt\\\/photography-tours-and-workshops\\\/night-photography-walking-tour-in-lisbon\\\/\",\"url\":\"https:\\\/\\\/photowalks.pt\\\/photography-tours-and-workshops\\\/night-photography-walking-tour-in-lisbon\\\/\",\"name\":\"Night Photography Walking Tour in Lisbon - Photowalks.pt - Lisbon Photography Tours\",\"isPartOf\":{\"@id\":\"https:\\\/\\\/photowalks.pt\\\/#website\"},\"primaryImageOfPage\":{\"@id\":\"https:\\\/\\\/photowalks.pt\\\/photography-tours-and-workshops\\\/night-photography-walking-tour-in-lisbon\\\/#primaryimage\"},\"image\":{\"@id\":\"https:\\\/\\\/photowalks.pt\\\/photography-tours-and-workshops\\\/night-photography-walking-tour-in-lisbon\\\/#primaryimage\"},\"thumbnailUrl\":\"https:\\\/\\\/photowalks.pt\\\/wp-content\\\/uploads\\\/2021\\\/05\\\/Miradouro-da-Graca_Lisbon_Hd-2.jpg\",\"datePublished\":\"2021-04-15T15:39:41+00:00\",\"dateModified\":\"2022-03-14T14:47:52+00:00\",\"description\":\"Photograph Lisbon through the night with the guidance of a professional photographer in a small group or private photography walking tour\",\"breadcrumb\":{\"@id\":\"https:\\\/\\\/photowalks.pt\\\/photography-tours-and-workshops\\\/night-photography-walking-tour-in-lisbon\\\/#breadcrumb\"},\"inLanguage\":\"es\",\"potentialAction\":[{\"@type\":\"ReadAction\",\"target\":[\"https:\\\/\\\/photowalks.pt\\\/photography-tours-and-workshops\\\/night-photography-walking-tour-in-lisbon\\\/\"]}]},{\"@type\":\"ImageObject\",\"inLanguage\":\"es\",\"@id\":\"https:\\\/\\\/photowalks.pt\\\/photography-tours-and-workshops\\\/night-photography-walking-tour-in-lisbon\\\/#primaryimage\",\"url\":\"https:\\\/\\\/photowalks.pt\\\/wp-content\\\/uploads\\\/2021\\\/05\\\/Miradouro-da-Graca_Lisbon_Hd-2.jpg\",\"contentUrl\":\"https:\\\/\\\/photowalks.pt\\\/wp-content\\\/uploads\\\/2021\\\/05\\\/Miradouro-da-Graca_Lisbon_Hd-2.jpg\",\"width\":1200,\"height\":504},{\"@type\":\"BreadcrumbList\",\"@id\":\"https:\\\/\\\/photowalks.pt\\\/photography-tours-and-workshops\\\/night-photography-walking-tour-in-lisbon\\\/#breadcrumb\",\"itemListElement\":[{\"@type\":\"ListItem\",\"position\":1,\"name\":\"Home\",\"item\":\"https:\\\/\\\/photowalks.pt\\\/\"},{\"@type\":\"ListItem\",\"position\":2,\"name\":\"Lisbon Photography Tours and Workshops\",\"item\":\"https:\\\/\\\/photowalks.pt\\\/photography-tours-and-workshops\\\/\"},{\"@type\":\"ListItem\",\"position\":3,\"name\":\"Night Photography Walking Tour in Lisbon\"}]},{\"@type\":\"WebSite\",\"@id\":\"https:\\\/\\\/photowalks.pt\\\/#website\",\"url\":\"https:\\\/\\\/photowalks.pt\\\/\",\"name\":\"Photowalks.pt - Photography tours and workshops\",\"description\":\"The best photography tours and workshops in Lisbon area and elsewhere.\",\"publisher\":{\"@id\":\"https:\\\/\\\/photowalks.pt\\\/#organization\"},\"potentialAction\":[{\"@type\":\"SearchAction\",\"target\":{\"@type\":\"EntryPoint\",\"urlTemplate\":\"https:\\\/\\\/photowalks.pt\\\/?s={search_term_string}\"},\"query-input\":{\"@type\":\"PropertyValueSpecification\",\"valueRequired\":true,\"valueName\":\"search_term_string\"}}],\"inLanguage\":\"es\"},{\"@type\":\"Organization\",\"@id\":\"https:\\\/\\\/photowalks.pt\\\/#organization\",\"name\":\"Photowalks.pt\",\"url\":\"https:\\\/\\\/photowalks.pt\\\/\",\"logo\":{\"@type\":\"ImageObject\",\"inLanguage\":\"es\",\"@id\":\"https:\\\/\\\/photowalks.pt\\\/#\\\/schema\\\/logo\\\/image\\\/\",\"url\":\"https:\\\/\\\/photowalks.pt\\\/wp-content\\\/uploads\\\/2019\\\/05\\\/PW_logo_Hor_black_V2_wp-site.png\",\"contentUrl\":\"https:\\\/\\\/photowalks.pt\\\/wp-content\\\/uploads\\\/2019\\\/05\\\/PW_logo_Hor_black_V2_wp-site.png\",\"width\":1559,\"height\":481,\"caption\":\"Photowalks.pt\"},\"image\":{\"@id\":\"https:\\\/\\\/photowalks.pt\\\/#\\\/schema\\\/logo\\\/image\\\/\"},\"sameAs\":[\"https:\\\/\\\/www.facebook.com\\\/PhotoWalksLisboa\\\/\",\"https:\\\/\\\/x.com\\\/PhotowalksPt\",\"https:\\\/\\\/www.instagram.com\\\/photowalkslisboa\\\/\",\"https:\\\/\\\/www.linkedin.com\\\/company\\\/photowalks-pt\",\"https:\\\/\\\/www.pinterest.pt\\\/miguelangelo1930\\\/\"]}]}<\/script>\n<!-- \/ Yoast SEO plugin. -->","yoast_head_json":{"title":"Night Photography Walking Tour in Lisbon - Photowalks.pt - Lisbon Photography Tours","description":"Fotografiar Lisboa por la noche con la gu\u00eda de un fot\u00f3grafo profesional en un grupo peque\u00f1o o un tour fotogr\u00e1fico privado","robots":{"index":"index","follow":"follow","max-snippet":"max-snippet:-1","max-image-preview":"max-image-preview:large","max-video-preview":"max-video-preview:-1"},"canonical":"https:\/\/photowalks.pt\/es\/photography-tours-and-workshops\/night-photography-walking-tour-in-lisbon\/","og_locale":"es_ES","og_type":"article","og_title":"Night Photography Walking Tour in Lisbon - Photowalks.pt - Lisbon Photography Tours","og_description":"Photograph Lisbon through the night with the guidance of a professional photographer in a small group or private photography walking tour","og_url":"https:\/\/photowalks.pt\/es\/photography-tours-and-workshops\/night-photography-walking-tour-in-lisbon\/","og_site_name":"Photowalks.pt - Lisbon Photography Tours","article_publisher":"https:\/\/www.facebook.com\/PhotoWalksLisboa\/","article_modified_time":"2022-03-14T14:47:52+00:00","og_image":[{"width":1200,"height":800,"url":"https:\/\/photowalks.pt\/wp-content\/uploads\/2021\/05\/Lisbon_Tram_MAS28778.jpg","type":"image\/jpeg"}],"twitter_card":"summary_large_image","twitter_site":"@PhotowalksPt","twitter_misc":{"Tiempo de lectura":"3 minutos"},"schema":{"@context":"https:\/\/schema.org","@graph":[{"@type":"WebPage","@id":"https:\/\/photowalks.pt\/photography-tours-and-workshops\/night-photography-walking-tour-in-lisbon\/","url":"https:\/\/photowalks.pt\/photography-tours-and-workshops\/night-photography-walking-tour-in-lisbon\/","name":"Night Photography Walking Tour in Lisbon - Photowalks.pt - Lisbon Photography Tours","isPartOf":{"@id":"https:\/\/photowalks.pt\/#website"},"primaryImageOfPage":{"@id":"https:\/\/photowalks.pt\/photography-tours-and-workshops\/night-photography-walking-tour-in-lisbon\/#primaryimage"},"image":{"@id":"https:\/\/photowalks.pt\/photography-tours-and-workshops\/night-photography-walking-tour-in-lisbon\/#primaryimage"},"thumbnailUrl":"https:\/\/photowalks.pt\/wp-content\/uploads\/2021\/05\/Miradouro-da-Graca_Lisbon_Hd-2.jpg","datePublished":"2021-04-15T15:39:41+00:00","dateModified":"2022-03-14T14:47:52+00:00","description":"Fotografiar Lisboa por la noche con la gu\u00eda de un fot\u00f3grafo profesional en un grupo peque\u00f1o o un tour fotogr\u00e1fico privado","breadcrumb":{"@id":"https:\/\/photowalks.pt\/photography-tours-and-workshops\/night-photography-walking-tour-in-lisbon\/#breadcrumb"},"inLanguage":"es","potentialAction":[{"@type":"ReadAction","target":["https:\/\/photowalks.pt\/photography-tours-and-workshops\/night-photography-walking-tour-in-lisbon\/"]}]},{"@type":"ImageObject","inLanguage":"es","@id":"https:\/\/photowalks.pt\/photography-tours-and-workshops\/night-photography-walking-tour-in-lisbon\/#primaryimage","url":"https:\/\/photowalks.pt\/wp-content\/uploads\/2021\/05\/Miradouro-da-Graca_Lisbon_Hd-2.jpg","contentUrl":"https:\/\/photowalks.pt\/wp-content\/uploads\/2021\/05\/Miradouro-da-Graca_Lisbon_Hd-2.jpg","width":1200,"height":504},{"@type":"BreadcrumbList","@id":"https:\/\/photowalks.pt\/photography-tours-and-workshops\/night-photography-walking-tour-in-lisbon\/#breadcrumb","itemListElement":[{"@type":"ListItem","position":1,"name":"Home","item":"https:\/\/photowalks.pt\/"},{"@type":"ListItem","position":2,"name":"Lisbon Photography Tours and Workshops","item":"https:\/\/photowalks.pt\/photography-tours-and-workshops\/"},{"@type":"ListItem","position":3,"name":"Night Photography Walking Tour in Lisbon"}]},{"@type":"WebSite","@id":"https:\/\/photowalks.pt\/#website","url":"https:\/\/photowalks.pt\/","name":"Photowalks.pt - Tours y Talleres de Fotograf\u00eda","description":"The best photography tours and workshops in Lisbon area and elsewhere.","publisher":{"@id":"https:\/\/photowalks.pt\/#organization"},"potentialAction":[{"@type":"SearchAction","target":{"@type":"EntryPoint","urlTemplate":"https:\/\/photowalks.pt\/?s={search_term_string}"},"query-input":{"@type":"PropertyValueSpecification","valueRequired":true,"valueName":"search_term_string"}}],"inLanguage":"es"},{"@type":"Organization","@id":"https:\/\/photowalks.pt\/#organization","name":"Photowalks.pt","url":"https:\/\/photowalks.pt\/","logo":{"@type":"ImageObject","inLanguage":"es","@id":"https:\/\/photowalks.pt\/#\/schema\/logo\/image\/","url":"https:\/\/photowalks.pt\/wp-content\/uploads\/2019\/05\/PW_logo_Hor_black_V2_wp-site.png","contentUrl":"https:\/\/photowalks.pt\/wp-content\/uploads\/2019\/05\/PW_logo_Hor_black_V2_wp-site.png","width":1559,"height":481,"caption":"Photowalks.pt"},"image":{"@id":"https:\/\/photowalks.pt\/#\/schema\/logo\/image\/"},"sameAs":["https:\/\/www.facebook.com\/PhotoWalksLisboa\/","https:\/\/x.com\/PhotowalksPt","https:\/\/www.instagram.com\/photowalkslisboa\/","https:\/\/www.linkedin.com\/company\/photowalks-pt","https:\/\/www.pinterest.pt\/miguelangelo1930\/"]}]}},"_links":{"self":[{"href":"https:\/\/photowalks.pt\/es\/wp-json\/wp\/v2\/pages\/6417","targetHints":{"allow":["GET"]}}],"collection":[{"href":"https:\/\/photowalks.pt\/es\/wp-json\/wp\/v2\/pages"}],"about":[{"href":"https:\/\/photowalks.pt\/es\/wp-json\/wp\/v2\/types\/page"}],"author":[{"embeddable":true,"href":"https:\/\/photowalks.pt\/es\/wp-json\/wp\/v2\/users\/1"}],"replies":[{"embeddable":true,"href":"https:\/\/photowalks.pt\/es\/wp-json\/wp\/v2\/comments?post=6417"}],"version-history":[{"count":13,"href":"https:\/\/photowalks.pt\/es\/wp-json\/wp\/v2\/pages\/6417\/revisions"}],"predecessor-version":[{"id":6675,"href":"https:\/\/photowalks.pt\/es\/wp-json\/wp\/v2\/pages\/6417\/revisions\/6675"}],"up":[{"embeddable":true,"href":"https:\/\/photowalks.pt\/es\/wp-json\/wp\/v2\/pages\/5049"}],"wp:featuredmedia":[{"embeddable":true,"href":"https:\/\/photowalks.pt\/es\/wp-json\/wp\/v2\/media\/6421"}],"wp:attachment":[{"href":"https:\/\/photowalks.pt\/es\/wp-json\/wp\/v2\/media?parent=6417"}],"curies":[{"name":"wp","href":"https:\/\/api.w.org\/{rel}","templated":true}]}}