{"id":2936,"date":"2019-05-27T22:52:22","date_gmt":"2019-05-27T22:52:22","guid":{"rendered":"https:\/\/photowalks.pt\/?page_id=2936"},"modified":"2025-12-03T20:01:49","modified_gmt":"2025-12-03T20:01:49","slug":"home_old","status":"publish","type":"page","link":"https:\/\/photowalks.pt\/fr\/home_old\/","title":{"rendered":"Home_old"},"content":{"rendered":"<div class=\"wp-block-group\"><div class=\"wp-block-group__inner-container is-layout-flow wp-block-group-is-layout-flow\">\n<div class=\"wp-block-columns is-layout-flex wp-container-core-columns-is-layout-9d6595d7 wp-block-columns-is-layout-flex\">\n<div class=\"wp-block-column is-layout-flow wp-block-column-is-layout-flow\" style=\"flex-basis:100%\">\n<h1 class=\"has-text-align-center wp-block-heading\" id=\"h-photography-tours-and-workshops-in-lisbon\"><a href=\"https:\/\/photowalks.pt\/fr\/photography-tours-and-workshops\/\">TOURS ET ATELIERS DE PHOTOGRAPHIE \u00c0 LISBONNE<\/a><\/h1>\n\n\n\n<div style=\"height:20px\" aria-hidden=\"true\" class=\"wp-block-spacer\"><\/div>\n\n\n\n<div class=\"wp-block-columns is-layout-flex wp-container-core-columns-is-layout-9d6595d7 wp-block-columns-is-layout-flex\">\n<div class=\"wp-block-column is-layout-flow wp-block-column-is-layout-flow\">\n<div class=\"wp-block-image\"><figure class=\"aligncenter size-full\"><img decoding=\"async\" width=\"400\" height=\"600\" src=\"https:\/\/photowalks.pt\/wp-content\/uploads\/2021\/07\/MAS25633-1.jpg\" alt=\"\" class=\"wp-image-6563\" srcset=\"https:\/\/photowalks.pt\/wp-content\/uploads\/2021\/07\/MAS25633-1.jpg 400w, https:\/\/photowalks.pt\/wp-content\/uploads\/2021\/07\/MAS25633-1-53x80.jpg 53w, https:\/\/photowalks.pt\/wp-content\/uploads\/2021\/07\/MAS25633-1-8x12.jpg 8w\" sizes=\"(max-width: 400px) 100vw, 400px\" \/><\/figure><\/div>\n\n\n\n<p>Lisbon is one of the most photogenic and photographer-friendly cities in Europe, a natural choice for photo tours and workshops. It is surrounded by an incredible array of geographic and historical features, therefore one of the best canvas for great photography tours and workshops.<\/p>\n<\/div>\n\n\n\n<div class=\"wp-block-column is-layout-flow wp-block-column-is-layout-flow\">\n<div class=\"wp-block-image\"><figure class=\"aligncenter size-large\"><img decoding=\"async\" width=\"400\" height=\"600\" src=\"https:\/\/photowalks.pt\/wp-content\/uploads\/2021\/07\/MAS26356.jpg\" alt=\"\" class=\"wp-image-6565\" srcset=\"https:\/\/photowalks.pt\/wp-content\/uploads\/2021\/07\/MAS26356.jpg 400w, https:\/\/photowalks.pt\/wp-content\/uploads\/2021\/07\/MAS26356-53x80.jpg 53w, https:\/\/photowalks.pt\/wp-content\/uploads\/2021\/07\/MAS26356-8x12.jpg 8w\" sizes=\"(max-width: 400px) 100vw, 400px\" \/><\/figure><\/div>\n\n\n\n<p>For visitors and locals alike, our photo walks, tours, and workshops are meant to be the best way to taste the real Lisbon and Portugal.<\/p>\n\n\n\n<p>Guided by a <a href=\"https:\/\/miguelangelosilva.com\">local professional photographer<\/a>, you will be in great hands to discover and appreciate the wonders of Lisbon and Portugal.<\/p>\n<\/div>\n\n\n\n<div class=\"wp-block-column is-layout-flow wp-block-column-is-layout-flow\">\n<div class=\"wp-block-image\"><figure class=\"aligncenter size-large\"><img decoding=\"async\" width=\"400\" height=\"600\" src=\"https:\/\/photowalks.pt\/wp-content\/uploads\/2021\/07\/MAS27740.jpg\" alt=\"\" class=\"wp-image-6566\" srcset=\"https:\/\/photowalks.pt\/wp-content\/uploads\/2021\/07\/MAS27740.jpg 400w, https:\/\/photowalks.pt\/wp-content\/uploads\/2021\/07\/MAS27740-53x80.jpg 53w, https:\/\/photowalks.pt\/wp-content\/uploads\/2021\/07\/MAS27740-8x12.jpg 8w\" sizes=\"(max-width: 400px) 100vw, 400px\" \/><\/figure><\/div>\n\n\n\n<p>Discover off-the-beaten-track locations with all the local life and flavors. Enjoy the best light over breathtaking cityscapes and landscapes. Complement with the best photography tuition, and go back home with great photos.<\/p>\n\n\n\n<p>Ce n'est qu'une petite partie de ce \u00e0 quoi vous pouvez vous attendre.<\/p>\n<\/div>\n<\/div>\n<\/div>\n<\/div>\n<\/div><\/div>\n\n\n\n<div class=\"wp-block-columns is-layout-flex wp-container-core-columns-is-layout-9d6595d7 wp-block-columns-is-layout-flex\">\n<div class=\"wp-block-column is-layout-flow wp-block-column-is-layout-flow\"><\/div>\n\n\n\n<div class=\"wp-block-column is-layout-flow wp-block-column-is-layout-flow\">\n<div class=\"wp-block-buttons is-content-justification-center is-layout-flex wp-block-buttons-is-layout-flex\">\n<div class=\"wp-block-button has-custom-width wp-block-button__width-100 is-style-outline is-style-outline--2\"><a class=\"wp-block-button__link has-col-ffffff-color has-col-e-0-b-13-a-background-color has-text-color has-background no-border-radius\" href=\"https:\/\/photowalks.pt\/fr\/photography-tours-and-workshops\/\">R\u00c9SERVER<\/a><\/div>\n<\/div>\n<\/div>\n\n\n\n<div class=\"wp-block-column is-layout-flow wp-block-column-is-layout-flow\"><\/div>\n<\/div>\n\n\n\n<div style=\"height:50px\" aria-hidden=\"true\" class=\"wp-block-spacer\"><\/div>\n\n\n\n<p><\/p>","protected":false},"excerpt":{"rendered":"<p>Lisbon, one of the most photogenic and photographer friendly cities in Europe, is surrounded by an incredible array of geographic and historical features, therefore one of the best canvas for great photography.<br \/>\nQu'il s'agisse de visiteurs \u00e9trangers ou locaux,\nNos tours et ateliers de photographie sont l'une des meilleures options pour profiter de tout ce que la r\u00e9gion de Lisbonne a \u00e0 offrir en termes de photographie et au-del\u00e0.<\/p>","protected":false},"author":1,"featured_media":0,"parent":0,"menu_order":0,"comment_status":"closed","ping_status":"closed","template":"","meta":{"footnotes":""},"class_list":["post-2936","page","type-page","status-publish","hentry"],"yoast_head":"<!-- This site is optimized with the Yoast SEO plugin v27.4 - https:\/\/yoast.com\/product\/yoast-seo-wordpress\/ -->\n<title>Home_old - Photowalks.pt - Lisbon Photography Tours<\/title>\n<meta name=\"description\" content=\"Photography walks, tours, and workshops meant to experience the best of Lisbon and Portugal while learning photography.\" \/>\n<meta name=\"robots\" content=\"index, follow, max-snippet:-1, max-image-preview:large, max-video-preview:-1\" \/>\n<link rel=\"canonical\" href=\"https:\/\/photowalks.pt\/fr\/home_old\/\" \/>\n<meta property=\"og:locale\" content=\"fr_FR\" \/>\n<meta property=\"og:type\" content=\"article\" \/>\n<meta property=\"og:title\" content=\"Home_old - Photowalks.pt - Lisbon Photography Tours\" \/>\n<meta property=\"og:description\" content=\"Photography walks, tours, and workshops meant to experience the best of Lisbon and Portugal while learning photography.\" \/>\n<meta property=\"og:url\" content=\"https:\/\/photowalks.pt\/fr\/home_old\/\" \/>\n<meta property=\"og:site_name\" content=\"Photowalks.pt - Lisbon Photography Tours\" \/>\n<meta property=\"article:publisher\" content=\"https:\/\/www.facebook.com\/PhotoWalksLisboa\/\" \/>\n<meta property=\"article:modified_time\" content=\"2025-12-03T20:01:49+00:00\" \/>\n<meta property=\"og:image\" content=\"https:\/\/photowalks.pt\/wp-content\/uploads\/2019\/05\/MAS24160-HDR-scaled-1500x1000.jpg\" \/>\n\t<meta property=\"og:image:width\" content=\"1500\" \/>\n\t<meta property=\"og:image:height\" content=\"1000\" \/>\n\t<meta property=\"og:image:type\" content=\"image\/jpeg\" \/>\n<meta name=\"twitter:card\" content=\"summary_large_image\" \/>\n<meta name=\"twitter:site\" content=\"@PhotowalksPt\" \/>\n<meta name=\"twitter:label1\" content=\"Dur\u00e9e de lecture estim\u00e9e\" \/>\n\t<meta name=\"twitter:data1\" content=\"2 minutes\" \/>\n<script type=\"application\/ld+json\" class=\"yoast-schema-graph\">{\"@context\":\"https:\\\/\\\/schema.org\",\"@graph\":[{\"@type\":\"WebPage\",\"@id\":\"https:\\\/\\\/photowalks.pt\\\/home_old\\\/\",\"url\":\"https:\\\/\\\/photowalks.pt\\\/home_old\\\/\",\"name\":\"Home_old - Photowalks.pt - Lisbon Photography Tours\",\"isPartOf\":{\"@id\":\"https:\\\/\\\/photowalks.pt\\\/#website\"},\"primaryImageOfPage\":{\"@id\":\"https:\\\/\\\/photowalks.pt\\\/home_old\\\/#primaryimage\"},\"image\":{\"@id\":\"https:\\\/\\\/photowalks.pt\\\/home_old\\\/#primaryimage\"},\"thumbnailUrl\":\"https:\\\/\\\/photowalks.pt\\\/wp-content\\\/uploads\\\/2021\\\/07\\\/MAS25633-1.jpg\",\"datePublished\":\"2019-05-27T22:52:22+00:00\",\"dateModified\":\"2025-12-03T20:01:49+00:00\",\"description\":\"Photography walks, tours, and workshops meant to experience the best of Lisbon and Portugal while learning photography.\",\"breadcrumb\":{\"@id\":\"https:\\\/\\\/photowalks.pt\\\/home_old\\\/#breadcrumb\"},\"inLanguage\":\"fr-FR\",\"potentialAction\":[{\"@type\":\"ReadAction\",\"target\":[\"https:\\\/\\\/photowalks.pt\\\/home_old\\\/\"]}]},{\"@type\":\"ImageObject\",\"inLanguage\":\"fr-FR\",\"@id\":\"https:\\\/\\\/photowalks.pt\\\/home_old\\\/#primaryimage\",\"url\":\"https:\\\/\\\/photowalks.pt\\\/wp-content\\\/uploads\\\/2021\\\/07\\\/MAS25633-1.jpg\",\"contentUrl\":\"https:\\\/\\\/photowalks.pt\\\/wp-content\\\/uploads\\\/2021\\\/07\\\/MAS25633-1.jpg\"},{\"@type\":\"BreadcrumbList\",\"@id\":\"https:\\\/\\\/photowalks.pt\\\/home_old\\\/#breadcrumb\",\"itemListElement\":[{\"@type\":\"ListItem\",\"position\":1,\"name\":\"Home\",\"item\":\"https:\\\/\\\/photowalks.pt\\\/\"},{\"@type\":\"ListItem\",\"position\":2,\"name\":\"Home_old\"}]},{\"@type\":\"WebSite\",\"@id\":\"https:\\\/\\\/photowalks.pt\\\/#website\",\"url\":\"https:\\\/\\\/photowalks.pt\\\/\",\"name\":\"Photowalks.pt - Photography tours and workshops\",\"description\":\"The best photography tours and workshops in Lisbon area and elsewhere.\",\"publisher\":{\"@id\":\"https:\\\/\\\/photowalks.pt\\\/#organization\"},\"potentialAction\":[{\"@type\":\"SearchAction\",\"target\":{\"@type\":\"EntryPoint\",\"urlTemplate\":\"https:\\\/\\\/photowalks.pt\\\/?s={search_term_string}\"},\"query-input\":{\"@type\":\"PropertyValueSpecification\",\"valueRequired\":true,\"valueName\":\"search_term_string\"}}],\"inLanguage\":\"fr-FR\"},{\"@type\":\"Organization\",\"@id\":\"https:\\\/\\\/photowalks.pt\\\/#organization\",\"name\":\"Photowalks.pt\",\"url\":\"https:\\\/\\\/photowalks.pt\\\/\",\"logo\":{\"@type\":\"ImageObject\",\"inLanguage\":\"fr-FR\",\"@id\":\"https:\\\/\\\/photowalks.pt\\\/#\\\/schema\\\/logo\\\/image\\\/\",\"url\":\"https:\\\/\\\/photowalks.pt\\\/wp-content\\\/uploads\\\/2019\\\/05\\\/PW_logo_Hor_black_V2_wp-site.png\",\"contentUrl\":\"https:\\\/\\\/photowalks.pt\\\/wp-content\\\/uploads\\\/2019\\\/05\\\/PW_logo_Hor_black_V2_wp-site.png\",\"width\":1559,\"height\":481,\"caption\":\"Photowalks.pt\"},\"image\":{\"@id\":\"https:\\\/\\\/photowalks.pt\\\/#\\\/schema\\\/logo\\\/image\\\/\"},\"sameAs\":[\"https:\\\/\\\/www.facebook.com\\\/PhotoWalksLisboa\\\/\",\"https:\\\/\\\/x.com\\\/PhotowalksPt\",\"https:\\\/\\\/www.instagram.com\\\/photowalkslisboa\\\/\",\"https:\\\/\\\/www.linkedin.com\\\/company\\\/photowalks-pt\",\"https:\\\/\\\/www.pinterest.pt\\\/miguelangelo1930\\\/\"]}]}<\/script>\n<!-- \/ Yoast SEO plugin. -->","yoast_head_json":{"title":"Home_old - Photowalks.pt - Lisbon Photography Tours","description":"Photography walks, tours, and workshops meant to experience the best of Lisbon and Portugal while learning photography.","robots":{"index":"index","follow":"follow","max-snippet":"max-snippet:-1","max-image-preview":"max-image-preview:large","max-video-preview":"max-video-preview:-1"},"canonical":"https:\/\/photowalks.pt\/fr\/home_old\/","og_locale":"fr_FR","og_type":"article","og_title":"Home_old - Photowalks.pt - Lisbon Photography Tours","og_description":"Photography walks, tours, and workshops meant to experience the best of Lisbon and Portugal while learning photography.","og_url":"https:\/\/photowalks.pt\/fr\/home_old\/","og_site_name":"Photowalks.pt - Lisbon Photography Tours","article_publisher":"https:\/\/www.facebook.com\/PhotoWalksLisboa\/","article_modified_time":"2025-12-03T20:01:49+00:00","og_image":[{"width":1500,"height":1000,"url":"https:\/\/photowalks.pt\/wp-content\/uploads\/2019\/05\/MAS24160-HDR-scaled-1500x1000.jpg","type":"image\/jpeg"}],"twitter_card":"summary_large_image","twitter_site":"@PhotowalksPt","twitter_misc":{"Dur\u00e9e de lecture estim\u00e9e":"2 minutes"},"schema":{"@context":"https:\/\/schema.org","@graph":[{"@type":"WebPage","@id":"https:\/\/photowalks.pt\/home_old\/","url":"https:\/\/photowalks.pt\/home_old\/","name":"Home_old - Photowalks.pt - Lisbon Photography Tours","isPartOf":{"@id":"https:\/\/photowalks.pt\/#website"},"primaryImageOfPage":{"@id":"https:\/\/photowalks.pt\/home_old\/#primaryimage"},"image":{"@id":"https:\/\/photowalks.pt\/home_old\/#primaryimage"},"thumbnailUrl":"https:\/\/photowalks.pt\/wp-content\/uploads\/2021\/07\/MAS25633-1.jpg","datePublished":"2019-05-27T22:52:22+00:00","dateModified":"2025-12-03T20:01:49+00:00","description":"Photography walks, tours, and workshops meant to experience the best of Lisbon and Portugal while learning photography.","breadcrumb":{"@id":"https:\/\/photowalks.pt\/home_old\/#breadcrumb"},"inLanguage":"fr-FR","potentialAction":[{"@type":"ReadAction","target":["https:\/\/photowalks.pt\/home_old\/"]}]},{"@type":"ImageObject","inLanguage":"fr-FR","@id":"https:\/\/photowalks.pt\/home_old\/#primaryimage","url":"https:\/\/photowalks.pt\/wp-content\/uploads\/2021\/07\/MAS25633-1.jpg","contentUrl":"https:\/\/photowalks.pt\/wp-content\/uploads\/2021\/07\/MAS25633-1.jpg"},{"@type":"BreadcrumbList","@id":"https:\/\/photowalks.pt\/home_old\/#breadcrumb","itemListElement":[{"@type":"ListItem","position":1,"name":"Home","item":"https:\/\/photowalks.pt\/"},{"@type":"ListItem","position":2,"name":"Home_old"}]},{"@type":"WebSite","@id":"https:\/\/photowalks.pt\/#website","url":"https:\/\/photowalks.pt\/","name":"Photowalks.pt - Tours et Ateliers de Photographie","description":"The best photography tours and workshops in Lisbon area and elsewhere.","publisher":{"@id":"https:\/\/photowalks.pt\/#organization"},"potentialAction":[{"@type":"SearchAction","target":{"@type":"EntryPoint","urlTemplate":"https:\/\/photowalks.pt\/?s={search_term_string}"},"query-input":{"@type":"PropertyValueSpecification","valueRequired":true,"valueName":"search_term_string"}}],"inLanguage":"fr-FR"},{"@type":"Organization","@id":"https:\/\/photowalks.pt\/#organization","name":"Photowalks.pt","url":"https:\/\/photowalks.pt\/","logo":{"@type":"ImageObject","inLanguage":"fr-FR","@id":"https:\/\/photowalks.pt\/#\/schema\/logo\/image\/","url":"https:\/\/photowalks.pt\/wp-content\/uploads\/2019\/05\/PW_logo_Hor_black_V2_wp-site.png","contentUrl":"https:\/\/photowalks.pt\/wp-content\/uploads\/2019\/05\/PW_logo_Hor_black_V2_wp-site.png","width":1559,"height":481,"caption":"Photowalks.pt"},"image":{"@id":"https:\/\/photowalks.pt\/#\/schema\/logo\/image\/"},"sameAs":["https:\/\/www.facebook.com\/PhotoWalksLisboa\/","https:\/\/x.com\/PhotowalksPt","https:\/\/www.instagram.com\/photowalkslisboa\/","https:\/\/www.linkedin.com\/company\/photowalks-pt","https:\/\/www.pinterest.pt\/miguelangelo1930\/"]}]}},"_links":{"self":[{"href":"https:\/\/photowalks.pt\/fr\/wp-json\/wp\/v2\/pages\/2936","targetHints":{"allow":["GET"]}}],"collection":[{"href":"https:\/\/photowalks.pt\/fr\/wp-json\/wp\/v2\/pages"}],"about":[{"href":"https:\/\/photowalks.pt\/fr\/wp-json\/wp\/v2\/types\/page"}],"author":[{"embeddable":true,"href":"https:\/\/photowalks.pt\/fr\/wp-json\/wp\/v2\/users\/1"}],"replies":[{"embeddable":true,"href":"https:\/\/photowalks.pt\/fr\/wp-json\/wp\/v2\/comments?post=2936"}],"version-history":[{"count":75,"href":"https:\/\/photowalks.pt\/fr\/wp-json\/wp\/v2\/pages\/2936\/revisions"}],"predecessor-version":[{"id":166406,"href":"https:\/\/photowalks.pt\/fr\/wp-json\/wp\/v2\/pages\/2936\/revisions\/166406"}],"wp:attachment":[{"href":"https:\/\/photowalks.pt\/fr\/wp-json\/wp\/v2\/media?parent=2936"}],"curies":[{"name":"wp","href":"https:\/\/api.w.org\/{rel}","templated":true}]}}